{"id":74,"date":"2018-01-28T23:43:38","date_gmt":"2018-01-28T23:43:38","guid":{"rendered":"https:\/\/theme.madsparrow.me\/emilynolan\/?page_id=74"},"modified":"2021-12-14T22:26:52","modified_gmt":"2021-12-14T21:26:52","slug":"about","status":"publish","type":"page","link":"https:\/\/www.chambrenoire.fr\/wordpress\/about\/","title":{"rendered":"\u00c0 propos de moi"},"content":{"rendered":"\n<div class=\"wp-block-image\"><figure class=\"aligncenter\"><img decoding=\"async\" loading=\"lazy\" width=\"410\" height=\"430\" src=\"https:\/\/www.chambrenoire.fr\/wordpress\/wp-content\/uploads\/2011\/11\/portrait-pat-Ian.jpg\" alt=\"\" class=\"wp-image-2000\" srcset=\"https:\/\/www.chambrenoire.fr\/wordpress\/wp-content\/uploads\/2011\/11\/portrait-pat-Ian.jpg 410w, https:\/\/www.chambrenoire.fr\/wordpress\/wp-content\/uploads\/2011\/11\/portrait-pat-Ian-381x400.jpg 381w\" sizes=\"(max-width: 410px) 100vw, 410px\" \/><\/figure><\/div>\n\n\n<p style=\"text-align: left;\">Musicien depuis plus de vingt ans ayant notamment compos\u00e9 pour plusieurs courts-m\u00e9trages et spectacles de danse, passionn\u00e9 de cin\u00e9ma, graphiste depuis 1997 et \u00e9galement aujourd&rsquo;hui photographe professionnel, je navigue d\u00e9j\u00e0 depuis un moment dans le milieu artistique et plus particuli\u00e8rement celui de l&rsquo;image, lorsque je me met \u00e0 la photographie en 2005. Autodidacte, je me jette avec passion dans son apprentissage, tout en d\u00e9vorant les oeuvres de grands ma\u00eetres : Jean-Loup Sieff, Micha\u00ebl Kenna, Ralph Gibson, Mimmo Jodice, Josef Koudelka, Bill Schwab, Josef Hoflehner, Andr\u00e9 Kertesz&#8230;et bien d&rsquo;autres.<\/p>\n<p>Dans la lign\u00e9e de mes influences, ma sensibilit\u00e9 artistique me pousse d&#8217;embl\u00e9e vers un travail noir et blanc, sombre et contrast\u00e9, que je poursuis aujourd&rsquo;hui au travers de plusieurs s\u00e9ries. Laissant mon inspiration me guider lors des prises de vues, au gr\u00e9 des chemins, c&rsquo;est lors de la phase de d\u00e9veloppement que se construisent les s\u00e9ries comme des puzzles, o\u00f9 chaque pi\u00e8ce prend sens au regard des autres.<\/p>\n<p><strong>Un instant fugace<\/strong><br>Prendre une photo&#8230; instant magique, fugace, 1\/10\u00e8me de secondes pour mettre en jeu tout un univers peupl\u00e9 de r\u00eaves, de fantasmes, de doutes, de frustrations, de douleurs et de plaisir&#8230; une sorte de feu d&rsquo;artifice en somme. Un laps de temps, une parenth\u00e8se, un souffle lib\u00e9rateur, une \u00e9tincelle de plaisir ? Que se passe-t-il vraiment durant cet \u00e9clair, si l&rsquo;on consid\u00e8re que le plus important de la photo n&rsquo;est pas ce qui se passe pendant, mais bien plut\u00f4t avant et apr\u00e8s ? Le d\u00e9clenchement n&rsquo;est que le moment d\u00e9cisif d&rsquo;une r\u00e9flexion qui peut parfois durer depuis plusieurs jours, voire m\u00eame plusieurs mois ou ann\u00e9es.<\/p>\n<p>Il y a le moment o\u00f9 l&rsquo;id\u00e9e jaillit ; cette \u00e9tincelle qui d&rsquo;un coup sans pr\u00e9venir est venu \u00e9clairer un bref instant de vie. En photo finalement, il y a deux moments d\u00e9cisifs et fugaces : le d\u00e9clencheur et le d\u00e9clenchement. Les espaces interm\u00e9diaires, plus ou moins longs, sont ceux de la gestation, du devenir, du travail parfois laborieux pour arriver au point final d&rsquo;une r\u00e9alisation qui alors, pour son auteur, a perdu de son sens initial, car finir une cr\u00e9ation, c&rsquo;est d\u00e9j\u00e0 partir sur une autre.<\/p>\n\n\n<p>Vous pouvez t\u00e9l\u00e9charger mon book photo :<\/p>\n\n\n<div class='w3eden'><!-- WPDM Link Template: Default Template -->\n\n<div class=\"link-template-default card mb-2\">\n    <div class=\"card-body\">\n        <div class=\"media\">\n            <div class=\"mr-3 img-48\"><img class=\"wpdm_icon\" alt=\"Ic\u00f4ne\"   src=\"https:\/\/www.chambrenoire.fr\/wordpress\/wp-content\/plugins\/download-manager\/assets\/file-type-icons\/pdf.svg\" \/><\/div>\n            <div class=\"media-body\">\n                <h3 class=\"package-title\"><a href='https:\/\/www.chambrenoire.fr\/wordpress\/download\/book-photo\/'>Book photo<\/a><\/h3>\n                <div class=\"text-muted text-small\"><i class=\"fas fa-copy\"><\/i> 1 fichier\u00b7s <i class=\"fas fa-hdd ml-3\"><\/i> 28,9 MB<\/div>\n            <\/div>\n            <div class=\"ml-3\">\n                <a class='wpdm-download-link download-on-click btn btn-secondary btn-xs' rel='nofollow' href='#' data-downloadurl=\"https:\/\/www.chambrenoire.fr\/wordpress\/download\/book-photo\/?wpdmdl=2709&refresh=69fb2bcdb570f1778068429\">T\u00e9l\u00e9charger<\/a>\n            <\/div>\n        <\/div>\n    <\/div>\n<\/div>\n\n<\/div>\n\n\n\n<p>Mon book graphisme est \u00e9galement t\u00e9l\u00e9chargeable :<\/p>\n\n\n<div class='w3eden'><!-- WPDM Link Template: Default Template -->\n\n<div class=\"link-template-default card mb-2\">\n    <div class=\"card-body\">\n        <div class=\"media\">\n            <div class=\"mr-3 img-48\"><img class=\"wpdm_icon\" alt=\"Ic\u00f4ne\" src=\"https:\/\/www.chambrenoire.fr\/wordpress\/wp-content\/plugins\/download-manager\/assets\/file-type-icons\/pdf.svg\" \/><\/div>\n            <div class=\"media-body\">\n                <h3 class=\"package-title\"><a href='https:\/\/www.chambrenoire.fr\/wordpress\/download\/book-graphisme\/'>Book Graphisme<\/a><\/h3>\n                <div class=\"text-muted text-small\"><i class=\"fas fa-copy\"><\/i> 1 fichier\u00b7s <i class=\"fas fa-hdd ml-3\"><\/i> 32,3 MB<\/div>\n            <\/div>\n            <div class=\"ml-3\">\n                <a class='wpdm-download-link download-on-click btn btn-secondary btn-xs' rel='nofollow' href='#' data-downloadurl=\"https:\/\/www.chambrenoire.fr\/wordpress\/download\/book-graphisme\/?wpdmdl=2713&refresh=69fb2bcdba7801778068429\">T\u00e9l\u00e9charger<\/a>\n            <\/div>\n        <\/div>\n    <\/div>\n<\/div>\n\n<\/div>\n","protected":false},"excerpt":{"rendered":"<p>Musicien depuis plus de vingt ans ayant notamment compos\u00e9 pour plusieurs courts-m\u00e9trages et spectacles de danse, passionn\u00e9 de cin\u00e9ma, graphiste depuis 1997 et \u00e9galement aujourd&rsquo;hui photographe professionnel, je navigue d\u00e9j\u00e0 depuis un moment dans le milieu artistique et plus particuli\u00e8rement celui de l&rsquo;image, lorsque je me met \u00e0 la photographie en 2005. Autodidacte, je me [&hellip;]<\/p>\n","protected":false},"author":1,"featured_media":0,"parent":0,"menu_order":0,"comment_status":"closed","ping_status":"closed","template":"","meta":{"ngg_post_thumbnail":0,"footnotes":""},"_links":{"self":[{"href":"https:\/\/www.chambrenoire.fr\/wordpress\/wp-json\/wp\/v2\/pages\/74"}],"collection":[{"href":"https:\/\/www.chambrenoire.fr\/wordpress\/wp-json\/wp\/v2\/pages"}],"about":[{"href":"https:\/\/www.chambrenoire.fr\/wordpress\/wp-json\/wp\/v2\/types\/page"}],"author":[{"embeddable":true,"href":"https:\/\/www.chambrenoire.fr\/wordpress\/wp-json\/wp\/v2\/users\/1"}],"replies":[{"embeddable":true,"href":"https:\/\/www.chambrenoire.fr\/wordpress\/wp-json\/wp\/v2\/comments?post=74"}],"version-history":[{"count":22,"href":"https:\/\/www.chambrenoire.fr\/wordpress\/wp-json\/wp\/v2\/pages\/74\/revisions"}],"predecessor-version":[{"id":3350,"href":"https:\/\/www.chambrenoire.fr\/wordpress\/wp-json\/wp\/v2\/pages\/74\/revisions\/3350"}],"wp:attachment":[{"href":"https:\/\/www.chambrenoire.fr\/wordpress\/wp-json\/wp\/v2\/media?parent=74"}],"curies":[{"name":"wp","href":"https:\/\/api.w.org\/{rel}","templated":true}]}}